{"id":10,"date":"2017-12-15T11:49:48","date_gmt":"2017-12-15T10:49:48","guid":{"rendered":"http:\/\/private.local.com\/abs\/?page_id=10"},"modified":"2018-11-14T19:55:05","modified_gmt":"2018-11-14T18:55:05","slug":"garantie","status":"publish","type":"page","link":"https:\/\/www.absblomer.de\/de\/garantie\/","title":{"rendered":"Die Garantie f\u00fcr hochwertige Schadens reparaturen"},"content":{"rendered":"<p>Sie m\u00f6chten sicher sein, dass Sie als Privat- oder Gesch\u00e4ftsmann den richtigen Partner f\u00fcr Schadensreparaturen haben. Bei ABS k\u00f6nnen Sie auf hochwertige Qualit\u00e4t und einen herausragenden Service durch fachkundige Reparaturmitarbeiter, Monteure und Lackierer z\u00e4hlen. Und nach der Reparatur erhalten Sie Ihr Fahrzeug frisch gewaschen zur\u00fcck. Dabei kommen weitestgehend umweltfreundliche Produkte und Ger\u00e4te zum Einsatz. Kurzum, perfekte Autoreparatur bis ins kleinste Detail.<\/p>","protected":false},"excerpt":{"rendered":"<p>Sie m\u00f6chten sicher sein, dass Sie als Privat- oder Gesch\u00e4ftsmann den richtigen Partner f\u00fcr Schadensreparaturen haben. Bei ABS k\u00f6nnen Sie auf hochwertige Qualit\u00e4t und einen herausragenden Service durch fachkundige Reparaturmitarbeiter, Monteure und Lackierer z\u00e4hlen. Und nach der Reparatur erhalten Sie Ihr Fahrzeug frisch gewaschen zur\u00fcck. Dabei kommen weitestgehend umweltfreundliche Produkte und Ger\u00e4te zum Einsatz. Kurzum, [&hellip;]<\/p>\n","protected":false},"author":2,"featured_media":0,"parent":0,"menu_order":0,"comment_status":"closed","ping_status":"closed","template":"garantie.php","meta":{"inline_featured_image":false,"footnotes":""},"class_list":["post-10","page","type-page","status-publish","hentry"],"yoast_head":"<!-- This site is optimized with the Yoast SEO plugin v21.5 - https:\/\/yoast.com\/wordpress\/plugins\/seo\/ -->\n<title>Die Garantie f\u00fcr hochwertige Schadens reparaturen - ABS<\/title>\n<meta name=\"robots\" content=\"index, follow, max-snippet:-1, max-image-preview:large, max-video-preview:-1\" \/>\n<link rel=\"canonical\" href=\"https:\/\/www.absblomer.de\/garantie\/\" \/>\n<meta property=\"og:locale\" content=\"de_DE\" \/>\n<meta property=\"og:type\" content=\"article\" \/>\n<meta property=\"og:title\" content=\"[:nl]De garantie van hoogwaardig schadeherstel[:de]Die Garantie f\u00fcr hochwertige Schadens reparaturen[:] - ABS\" \/>\n<meta property=\"og:description\" content=\"Sie m\u00f6chten sicher sein, dass Sie als Privat- oder Gesch\u00e4ftsmann den richtigen Partner f\u00fcr Schadensreparaturen haben. Bei ABS k\u00f6nnen Sie auf hochwertige Qualit\u00e4t und einen herausragenden Service durch fachkundige Reparaturmitarbeiter, Monteure und Lackierer z\u00e4hlen. Und nach der Reparatur erhalten Sie Ihr Fahrzeug frisch gewaschen zur\u00fcck. Dabei kommen weitestgehend umweltfreundliche Produkte und Ger\u00e4te zum Einsatz. Kurzum, [&hellip;]\" \/>\n<meta property=\"og:url\" content=\"https:\/\/www.absblomer.de\/garantie\/\" \/>\n<meta property=\"og:site_name\" content=\"ABS\" \/>\n<meta property=\"article:modified_time\" content=\"2018-11-14T18:55:05+00:00\" \/>\n<meta name=\"twitter:card\" content=\"summary_large_image\" \/>\n<meta name=\"twitter:label1\" content=\"Gesch\u00e4tzte Lesezeit\" \/>\n\t<meta name=\"twitter:data1\" content=\"8\u00a0Minuten\" \/>\n<script type=\"application\/ld+json\" class=\"yoast-schema-graph\">{\"@context\":\"https:\/\/schema.org\",\"@graph\":[{\"@type\":\"WebPage\",\"@id\":\"https:\/\/www.absblomer.de\/garantie\/\",\"url\":\"https:\/\/www.absblomer.de\/garantie\/\",\"name\":\"[:nl]De garantie van hoogwaardig schadeherstel[:de]Die Garantie f\u00fcr hochwertige Schadens reparaturen[:] - ABS\",\"isPartOf\":{\"@id\":\"https:\/\/www.absblomer.de\/#website\"},\"datePublished\":\"2017-12-15T10:49:48+00:00\",\"dateModified\":\"2018-11-14T18:55:05+00:00\",\"breadcrumb\":{\"@id\":\"https:\/\/www.absblomer.de\/garantie\/#breadcrumb\"},\"inLanguage\":\"de\",\"potentialAction\":[{\"@type\":\"ReadAction\",\"target\":[\"https:\/\/www.absblomer.de\/garantie\/\"]}]},{\"@type\":\"BreadcrumbList\",\"@id\":\"https:\/\/www.absblomer.de\/garantie\/#breadcrumb\",\"itemListElement\":[{\"@type\":\"ListItem\",\"position\":1,\"name\":\"Home\",\"item\":\"https:\/\/www.absblomer.de\/\"},{\"@type\":\"ListItem\",\"position\":2,\"name\":\"De garantie van hoogwaardig schadeherstel\"}]},{\"@type\":\"WebSite\",\"@id\":\"https:\/\/www.absblomer.de\/#website\",\"url\":\"https:\/\/www.absblomer.de\/\",\"name\":\"ABS Blomer\",\"description\":\"autoreparatur, schadensfall, karosserie, lackwerkstatt\",\"publisher\":{\"@id\":\"https:\/\/www.absblomer.de\/#organization\"},\"potentialAction\":[{\"@type\":\"SearchAction\",\"target\":{\"@type\":\"EntryPoint\",\"urlTemplate\":\"https:\/\/www.absblomer.de\/?s={search_term_string}\"},\"query-input\":\"required name=search_term_string\"}],\"inLanguage\":\"de\"},{\"@type\":\"Organization\",\"@id\":\"https:\/\/www.absblomer.de\/#organization\",\"name\":\"ABS Blomer\",\"url\":\"https:\/\/www.absblomer.de\/\",\"logo\":{\"@type\":\"ImageObject\",\"inLanguage\":\"de\",\"@id\":\"https:\/\/www.absblomer.de\/#\/schema\/logo\/image\/\",\"url\":\"https:\/\/www.absblomer.de\/wp-content\/uploads\/2018\/11\/logo.png\",\"contentUrl\":\"https:\/\/www.absblomer.de\/wp-content\/uploads\/2018\/11\/logo.png\",\"width\":1187,\"height\":172,\"caption\":\"ABS Blomer\"},\"image\":{\"@id\":\"https:\/\/www.absblomer.de\/#\/schema\/logo\/image\/\"}}]}<\/script>\n<!-- \/ Yoast SEO plugin. -->","yoast_head_json":{"title":"[:nl]De garantie van hoogwaardig schadeherstel[:de]Die Garantie f\u00fcr hochwertige Schadens reparaturen[:] - ABS","robots":{"index":"index","follow":"follow","max-snippet":"max-snippet:-1","max-image-preview":"max-image-preview:large","max-video-preview":"max-video-preview:-1"},"canonical":"https:\/\/www.absblomer.de\/garantie\/","og_locale":"de_DE","og_type":"article","og_title":"[:nl]De garantie van hoogwaardig schadeherstel[:de]Die Garantie f\u00fcr hochwertige Schadens reparaturen[:] - ABS","og_description":"Sie m\u00f6chten sicher sein, dass Sie als Privat- oder Gesch\u00e4ftsmann den richtigen Partner f\u00fcr Schadensreparaturen haben. Bei ABS k\u00f6nnen Sie auf hochwertige Qualit\u00e4t und einen herausragenden Service durch fachkundige Reparaturmitarbeiter, Monteure und Lackierer z\u00e4hlen. Und nach der Reparatur erhalten Sie Ihr Fahrzeug frisch gewaschen zur\u00fcck. Dabei kommen weitestgehend umweltfreundliche Produkte und Ger\u00e4te zum Einsatz. Kurzum, [&hellip;]","og_url":"https:\/\/www.absblomer.de\/garantie\/","og_site_name":"ABS","article_modified_time":"2018-11-14T18:55:05+00:00","twitter_card":"summary_large_image","twitter_misc":{"Gesch\u00e4tzte Lesezeit":"8\u00a0Minuten"},"schema":{"@context":"https:\/\/schema.org","@graph":[{"@type":"WebPage","@id":"https:\/\/www.absblomer.de\/garantie\/","url":"https:\/\/www.absblomer.de\/garantie\/","name":"[:nl]De garantie van hoogwaardig schadeherstel[:de]Die Garantie f\u00fcr hochwertige Schadens reparaturen[:] - ABS","isPartOf":{"@id":"https:\/\/www.absblomer.de\/#website"},"datePublished":"2017-12-15T10:49:48+00:00","dateModified":"2018-11-14T18:55:05+00:00","breadcrumb":{"@id":"https:\/\/www.absblomer.de\/garantie\/#breadcrumb"},"inLanguage":"de","potentialAction":[{"@type":"ReadAction","target":["https:\/\/www.absblomer.de\/garantie\/"]}]},{"@type":"BreadcrumbList","@id":"https:\/\/www.absblomer.de\/garantie\/#breadcrumb","itemListElement":[{"@type":"ListItem","position":1,"name":"Home","item":"https:\/\/www.absblomer.de\/"},{"@type":"ListItem","position":2,"name":"De garantie van hoogwaardig schadeherstel"}]},{"@type":"WebSite","@id":"https:\/\/www.absblomer.de\/#website","url":"https:\/\/www.absblomer.de\/","name":"ABS Blomer","description":"autoreparatur, schadensfall, karosserie, lackwerkstatt","publisher":{"@id":"https:\/\/www.absblomer.de\/#organization"},"potentialAction":[{"@type":"SearchAction","target":{"@type":"EntryPoint","urlTemplate":"https:\/\/www.absblomer.de\/?s={search_term_string}"},"query-input":"required name=search_term_string"}],"inLanguage":"de"},{"@type":"Organization","@id":"https:\/\/www.absblomer.de\/#organization","name":"ABS Blomer","url":"https:\/\/www.absblomer.de\/","logo":{"@type":"ImageObject","inLanguage":"de","@id":"https:\/\/www.absblomer.de\/#\/schema\/logo\/image\/","url":"https:\/\/www.absblomer.de\/wp-content\/uploads\/2018\/11\/logo.png","contentUrl":"https:\/\/www.absblomer.de\/wp-content\/uploads\/2018\/11\/logo.png","width":1187,"height":172,"caption":"ABS Blomer"},"image":{"@id":"https:\/\/www.absblomer.de\/#\/schema\/logo\/image\/"}}]}},"_links":{"self":[{"href":"https:\/\/www.absblomer.de\/de\/wp-json\/wp\/v2\/pages\/10","targetHints":{"allow":["GET"]}}],"collection":[{"href":"https:\/\/www.absblomer.de\/de\/wp-json\/wp\/v2\/pages"}],"about":[{"href":"https:\/\/www.absblomer.de\/de\/wp-json\/wp\/v2\/types\/page"}],"author":[{"embeddable":true,"href":"https:\/\/www.absblomer.de\/de\/wp-json\/wp\/v2\/users\/2"}],"replies":[{"embeddable":true,"href":"https:\/\/www.absblomer.de\/de\/wp-json\/wp\/v2\/comments?post=10"}],"version-history":[{"count":9,"href":"https:\/\/www.absblomer.de\/de\/wp-json\/wp\/v2\/pages\/10\/revisions"}],"predecessor-version":[{"id":166,"href":"https:\/\/www.absblomer.de\/de\/wp-json\/wp\/v2\/pages\/10\/revisions\/166"}],"wp:attachment":[{"href":"https:\/\/www.absblomer.de\/de\/wp-json\/wp\/v2\/media?parent=10"}],"curies":[{"name":"wp","href":"https:\/\/api.w.org\/{rel}","templated":true}]}}