{"id":8,"date":"2017-12-15T11:49:41","date_gmt":"2017-12-15T10:49:41","guid":{"rendered":"http:\/\/private.local.com\/abs\/?page_id=8"},"modified":"2018-11-14T20:05:17","modified_gmt":"2018-11-14T19:05:17","slug":"service","status":"publish","type":"page","link":"https:\/\/www.absblomer.de\/de\/service\/","title":{"rendered":"Wir k\u00fcmmern uns um alles"},"content":{"rendered":"<p>Service ist das Wichtigste, wenn es um eine Unfallreparatur geht. Wir wissen das wie kein anderer. Unsere jahrzehntelange Erfahrung macht es m\u00f6glich, genau einzusch\u00e4tzen, was am besten f\u00fcr Sie ist. Nicht nur bei der Reparatur alleine, sondern auch wenn es um die Betreuung geht. So setzen wir uns beispielsweise mit Ihrer Versicherung in Verbindung und bieten Ihnen einen kostenlosen Hol-und Bringservice an. Aber auch den Komfort eines Leihfahrzeuges, das direkt f\u00fcr Sie bereitsteht. Nach der Reparatur wird Ihr Fahrzeug sogar perfekt gewaschen \u00fcbergeben.<br \/>\nSie sehen: <strong>wir k\u00fcmmern uns um alles, denn das geh\u00f6rt zu unserem optimalen Service.<\/strong><\/p>","protected":false},"excerpt":{"rendered":"<p>Service ist das Wichtigste, wenn es um eine Unfallreparatur geht. Wir wissen das wie kein anderer. Unsere jahrzehntelange Erfahrung macht es m\u00f6glich, genau einzusch\u00e4tzen, was am besten f\u00fcr Sie ist. Nicht nur bei der Reparatur alleine, sondern auch wenn es um die Betreuung geht. So setzen wir uns beispielsweise mit Ihrer Versicherung in Verbindung und [&hellip;]<\/p>\n","protected":false},"author":2,"featured_media":0,"parent":0,"menu_order":0,"comment_status":"closed","ping_status":"closed","template":"service.php","meta":{"inline_featured_image":false,"footnotes":""},"class_list":["post-8","page","type-page","status-publish","hentry"],"yoast_head":"<!-- This site is optimized with the Yoast SEO plugin v21.5 - https:\/\/yoast.com\/wordpress\/plugins\/seo\/ -->\n<title>Wir k\u00fcmmern uns um alles - ABS<\/title>\n<meta name=\"robots\" content=\"index, follow, max-snippet:-1, max-image-preview:large, max-video-preview:-1\" \/>\n<link rel=\"canonical\" href=\"https:\/\/www.absblomer.de\/service\/\" \/>\n<meta property=\"og:locale\" content=\"de_DE\" \/>\n<meta property=\"og:type\" content=\"article\" \/>\n<meta property=\"og:title\" content=\"[:nl]Gespecialiseerd schadeherstel met service[:de]Wir k\u00fcmmern uns um alles[:] - ABS\" \/>\n<meta property=\"og:description\" content=\"Service ist das Wichtigste, wenn es um eine Unfallreparatur geht. Wir wissen das wie kein anderer. Unsere jahrzehntelange Erfahrung macht es m\u00f6glich, genau einzusch\u00e4tzen, was am besten f\u00fcr Sie ist. Nicht nur bei der Reparatur alleine, sondern auch wenn es um die Betreuung geht. So setzen wir uns beispielsweise mit Ihrer Versicherung in Verbindung und [&hellip;]\" \/>\n<meta property=\"og:url\" content=\"https:\/\/www.absblomer.de\/service\/\" \/>\n<meta property=\"og:site_name\" content=\"ABS\" \/>\n<meta property=\"article:modified_time\" content=\"2018-11-14T19:05:17+00:00\" \/>\n<meta name=\"twitter:card\" content=\"summary_large_image\" \/>\n<meta name=\"twitter:label1\" content=\"Gesch\u00e4tzte Lesezeit\" \/>\n\t<meta name=\"twitter:data1\" content=\"8\u00a0Minuten\" \/>\n<script type=\"application\/ld+json\" class=\"yoast-schema-graph\">{\"@context\":\"https:\/\/schema.org\",\"@graph\":[{\"@type\":\"WebPage\",\"@id\":\"https:\/\/www.absblomer.de\/service\/\",\"url\":\"https:\/\/www.absblomer.de\/service\/\",\"name\":\"[:nl]Gespecialiseerd schadeherstel met service[:de]Wir k\u00fcmmern uns um alles[:] - ABS\",\"isPartOf\":{\"@id\":\"https:\/\/www.absblomer.de\/#website\"},\"datePublished\":\"2017-12-15T10:49:41+00:00\",\"dateModified\":\"2018-11-14T19:05:17+00:00\",\"breadcrumb\":{\"@id\":\"https:\/\/www.absblomer.de\/service\/#breadcrumb\"},\"inLanguage\":\"de\",\"potentialAction\":[{\"@type\":\"ReadAction\",\"target\":[\"https:\/\/www.absblomer.de\/service\/\"]}]},{\"@type\":\"BreadcrumbList\",\"@id\":\"https:\/\/www.absblomer.de\/service\/#breadcrumb\",\"itemListElement\":[{\"@type\":\"ListItem\",\"position\":1,\"name\":\"Home\",\"item\":\"https:\/\/www.absblomer.de\/\"},{\"@type\":\"ListItem\",\"position\":2,\"name\":\"Gespecialiseerd schadeherstel met service\"}]},{\"@type\":\"WebSite\",\"@id\":\"https:\/\/www.absblomer.de\/#website\",\"url\":\"https:\/\/www.absblomer.de\/\",\"name\":\"ABS Blomer\",\"description\":\"autoreparatur, schadensfall, karosserie, lackwerkstatt\",\"publisher\":{\"@id\":\"https:\/\/www.absblomer.de\/#organization\"},\"potentialAction\":[{\"@type\":\"SearchAction\",\"target\":{\"@type\":\"EntryPoint\",\"urlTemplate\":\"https:\/\/www.absblomer.de\/?s={search_term_string}\"},\"query-input\":\"required name=search_term_string\"}],\"inLanguage\":\"de\"},{\"@type\":\"Organization\",\"@id\":\"https:\/\/www.absblomer.de\/#organization\",\"name\":\"ABS Blomer\",\"url\":\"https:\/\/www.absblomer.de\/\",\"logo\":{\"@type\":\"ImageObject\",\"inLanguage\":\"de\",\"@id\":\"https:\/\/www.absblomer.de\/#\/schema\/logo\/image\/\",\"url\":\"https:\/\/www.absblomer.de\/wp-content\/uploads\/2018\/11\/logo.png\",\"contentUrl\":\"https:\/\/www.absblomer.de\/wp-content\/uploads\/2018\/11\/logo.png\",\"width\":1187,\"height\":172,\"caption\":\"ABS Blomer\"},\"image\":{\"@id\":\"https:\/\/www.absblomer.de\/#\/schema\/logo\/image\/\"}}]}<\/script>\n<!-- \/ Yoast SEO plugin. -->","yoast_head_json":{"title":"[:nl]Gespecialiseerd schadeherstel met service[:de]Wir k\u00fcmmern uns um alles[:] - ABS","robots":{"index":"index","follow":"follow","max-snippet":"max-snippet:-1","max-image-preview":"max-image-preview:large","max-video-preview":"max-video-preview:-1"},"canonical":"https:\/\/www.absblomer.de\/service\/","og_locale":"de_DE","og_type":"article","og_title":"[:nl]Gespecialiseerd schadeherstel met service[:de]Wir k\u00fcmmern uns um alles[:] - ABS","og_description":"Service ist das Wichtigste, wenn es um eine Unfallreparatur geht. Wir wissen das wie kein anderer. Unsere jahrzehntelange Erfahrung macht es m\u00f6glich, genau einzusch\u00e4tzen, was am besten f\u00fcr Sie ist. Nicht nur bei der Reparatur alleine, sondern auch wenn es um die Betreuung geht. So setzen wir uns beispielsweise mit Ihrer Versicherung in Verbindung und [&hellip;]","og_url":"https:\/\/www.absblomer.de\/service\/","og_site_name":"ABS","article_modified_time":"2018-11-14T19:05:17+00:00","twitter_card":"summary_large_image","twitter_misc":{"Gesch\u00e4tzte Lesezeit":"8\u00a0Minuten"},"schema":{"@context":"https:\/\/schema.org","@graph":[{"@type":"WebPage","@id":"https:\/\/www.absblomer.de\/service\/","url":"https:\/\/www.absblomer.de\/service\/","name":"[:nl]Gespecialiseerd schadeherstel met service[:de]Wir k\u00fcmmern uns um alles[:] - ABS","isPartOf":{"@id":"https:\/\/www.absblomer.de\/#website"},"datePublished":"2017-12-15T10:49:41+00:00","dateModified":"2018-11-14T19:05:17+00:00","breadcrumb":{"@id":"https:\/\/www.absblomer.de\/service\/#breadcrumb"},"inLanguage":"de","potentialAction":[{"@type":"ReadAction","target":["https:\/\/www.absblomer.de\/service\/"]}]},{"@type":"BreadcrumbList","@id":"https:\/\/www.absblomer.de\/service\/#breadcrumb","itemListElement":[{"@type":"ListItem","position":1,"name":"Home","item":"https:\/\/www.absblomer.de\/"},{"@type":"ListItem","position":2,"name":"Gespecialiseerd schadeherstel met service"}]},{"@type":"WebSite","@id":"https:\/\/www.absblomer.de\/#website","url":"https:\/\/www.absblomer.de\/","name":"ABS Blomer","description":"autoreparatur, schadensfall, karosserie, lackwerkstatt","publisher":{"@id":"https:\/\/www.absblomer.de\/#organization"},"potentialAction":[{"@type":"SearchAction","target":{"@type":"EntryPoint","urlTemplate":"https:\/\/www.absblomer.de\/?s={search_term_string}"},"query-input":"required name=search_term_string"}],"inLanguage":"de"},{"@type":"Organization","@id":"https:\/\/www.absblomer.de\/#organization","name":"ABS Blomer","url":"https:\/\/www.absblomer.de\/","logo":{"@type":"ImageObject","inLanguage":"de","@id":"https:\/\/www.absblomer.de\/#\/schema\/logo\/image\/","url":"https:\/\/www.absblomer.de\/wp-content\/uploads\/2018\/11\/logo.png","contentUrl":"https:\/\/www.absblomer.de\/wp-content\/uploads\/2018\/11\/logo.png","width":1187,"height":172,"caption":"ABS Blomer"},"image":{"@id":"https:\/\/www.absblomer.de\/#\/schema\/logo\/image\/"}}]}},"_links":{"self":[{"href":"https:\/\/www.absblomer.de\/de\/wp-json\/wp\/v2\/pages\/8","targetHints":{"allow":["GET"]}}],"collection":[{"href":"https:\/\/www.absblomer.de\/de\/wp-json\/wp\/v2\/pages"}],"about":[{"href":"https:\/\/www.absblomer.de\/de\/wp-json\/wp\/v2\/types\/page"}],"author":[{"embeddable":true,"href":"https:\/\/www.absblomer.de\/de\/wp-json\/wp\/v2\/users\/2"}],"replies":[{"embeddable":true,"href":"https:\/\/www.absblomer.de\/de\/wp-json\/wp\/v2\/comments?post=8"}],"version-history":[{"count":8,"href":"https:\/\/www.absblomer.de\/de\/wp-json\/wp\/v2\/pages\/8\/revisions"}],"predecessor-version":[{"id":173,"href":"https:\/\/www.absblomer.de\/de\/wp-json\/wp\/v2\/pages\/8\/revisions\/173"}],"wp:attachment":[{"href":"https:\/\/www.absblomer.de\/de\/wp-json\/wp\/v2\/media?parent=8"}],"curies":[{"name":"wp","href":"https:\/\/api.w.org\/{rel}","templated":true}]}}